{"id":16,"date":"2017-06-30T09:47:33","date_gmt":"2017-06-30T09:47:33","guid":{"rendered":"http:\/\/www.nicdarkthemes.com\/themes\/hotel\/wp\/demo\/?page_id=16"},"modified":"2023-07-14T13:01:45","modified_gmt":"2023-07-14T13:01:45","slug":"hem","status":"publish","type":"page","link":"https:\/\/malarohotell.se\/en\/","title":{"rendered":"Home"},"content":{"rendered":"<section class=\"wpb-content-wrapper\"><div data-vc-full-width=\"true\" data-vc-full-width-init=\"false\" data-vc-stretch-content=\"true\" class=\"vc_row wpb_row vc_row-fluid vc_custom_1689339703169 vc_row-has-fill vc_row-o-full-height vc_row-o-columns-bottom vc_row-flex\"><div class=\"wpb_column vc_column_container vc_col-sm-12\"><div class=\"vc_column-inner\"><div class=\"wpb_wrapper\"><div style=\"background-color:;height: 100px\" class=\"nicdark_section\"><\/div> <h1 style=\"color:#ffffff;padding:px;text-align:center;font-size:60px;line-height:70px;letter-spacing: px;font-weight:lighter\" class=\"nd_options_third_font\">Welcome to M\u00e4lar\u00f6 Hotell<\/h1> <div style=\"background-color:;height: 100px\" class=\"nicdark_section\"><\/div>\n\t<div class=\"wpb_text_column wpb_content_element\" >\n\t\t<div class=\"wpb_wrapper\">\n\t\t\t<script async type=\"text\/javascript\" src=\"https:\/\/secured.sirvoy.com\/widget\/sirvoy.js\" data-form-id=\"5bf2e27599a21\"><\/script>\n\n\t\t<\/div>\n\t<\/div>\n<\/div><\/div><\/div><\/div><div class=\"vc_row-full-width vc_clearfix\"><\/div><div class=\"vc_row wpb_row vc_row-fluid vc_custom_1504096290589 vc_row-o-equal-height vc_row-o-content-middle vc_row-flex\"><div class=\"wpb_column vc_column_container vc_col-sm-6\"><div class=\"vc_column-inner\"><div class=\"wpb_wrapper\"><div style=\"background-color:;height: 25px\" class=\"nicdark_section\"><\/div> <p style=\"color:#878787;padding:px;text-align:center;font-size:14px;line-height:27px;letter-spacing: 2px;font-weight:lighter\" class=\"nd_options_second_font\">M\u00e4lar\u00f6 Hotel<\/p> <div style=\"background-color:;height: 20px\" class=\"nicdark_section\"><\/div> <h2 style=\"color:#1c1c1d;padding:px;text-align:center;font-size:80px;line-height:80px;letter-spacing: px;font-weight:normal\" class=\"nd_options_font_size_40_important_all_iphone nd_options_line_height_40_important_all_iphone nd_options_first_font\">Experience Eker\u00f6!<\/h2>  <h4 style=\"color:#000000;padding:40px;text-align:center;font-size:px;line-height:25px;letter-spacing: px;font-weight:lighter\" class=\"nd_options_second_font\">Stay at M\u00e4lar\u00f6 Hotel close  to the wide range of activities, sights and adventures.<\/h4> \n\t<div class=\"nd_options_section nd_options_text_align_center\">\n\t<a style=\"border: px solid;border-radius:px;letter-spacing:2px;line-height:11px;font-size:11px;background-color:#000000;padding:15px 35px;margin:;color:#ffffff\" rel=\"\" href=\"https:\/\/malarohotell.se\/en\/boka-nu\/\" class=\"nicdark_display_inline_block  nd_options_font_weight_bold nd_options_second_font\">BOOK NOW<\/a>\n\t<\/div>\n<div style=\"background-color:;height: 25px\" class=\"nicdark_section\"><\/div><\/div><\/div><\/div><div class=\"wpb_column vc_column_container vc_col-sm-6\"><div class=\"vc_column-inner\"><div class=\"wpb_wrapper\"><div style=\"background-color:;height: 25px\" class=\"nicdark_section\"><\/div>\n    <div style=\"text-align:center\" class=\"nd_options_section\">\n      <img alt=\"\" style=\"width:100%\" class=\"nd_options_margin_0 nd_options_padding_0\" src=\"https:\/\/malarohotell.se\/wp-content\/uploads\/2018\/11\/9378326.jpeg\">\n    <\/div>\n   <div style=\"background-color:;height: 25px\" class=\"nicdark_section\"><\/div><\/div><\/div><\/div><\/div><div class=\"vc_row wpb_row vc_row-fluid\"><div class=\"wpb_column vc_column_container vc_col-sm-12\"><div class=\"vc_column-inner\"><div class=\"wpb_wrapper\"><div style=\"background-color:;height: 30px\" class=\"nicdark_section\"><\/div><\/div><\/div><\/div><\/div><div data-vc-full-width=\"true\" data-vc-full-width-init=\"false\" data-vc-stretch-content=\"true\" class=\"vc_row wpb_row vc_row-fluid vc_row-o-equal-height vc_row-o-content-middle vc_row-flex\"><div class=\"wpb_column vc_column_container vc_col-sm-6 vc_col-has-fill\"><div class=\"vc_column-inner vc_custom_1546111919560\"><div class=\"wpb_wrapper\"><\/div><\/div><\/div><div class=\"nd_options_padding_50_first_div_important_all_iphone wpb_column vc_column_container vc_col-sm-6 vc_col-has-fill\"><div class=\"vc_column-inner vc_custom_1501664082350\"><div class=\"wpb_wrapper\"> <h6 style=\"color:#ffffff;padding:px;text-align:;font-size:12px;line-height:12px;letter-spacing: 2px;font-weight:lighter\" class=\"nd_options_second_font\">M\u00e4lar\u00f6 Hotel<\/h6> <div style=\"background-color:;height: 20px\" class=\"nicdark_section\"><\/div> <h2 style=\"color:#ffffff;padding:px;text-align:;font-size:80px;line-height:80px;letter-spacing: px;font-weight:normal\" class=\"nd_options_font_size_40_important_all_iphone nd_options_line_height_40_important_all_iphone nd_options_first_font\">A hotel<\/h2>  <h2 style=\"color:#c19b76;padding:px;text-align:;font-size:80px;line-height:80px;letter-spacing: px;font-weight:normal\" class=\"nd_options_font_size_40_important_all_iphone nd_options_line_height_40_important_all_iphone nd_options_first_font\">That suits everyone<\/h2> <div style=\"background-color:;height: 50px\" class=\"nicdark_section\"><\/div><div class=\"vc_row wpb_row vc_inner vc_row-fluid\"><div class=\"wpb_column vc_column_container vc_col-sm-6\"><div class=\"vc_column-inner\"><div class=\"wpb_wrapper\"><\/div><\/div><\/div><div class=\"wpb_column vc_column_container vc_col-sm-12\"><div class=\"vc_column-inner\"><div class=\"wpb_wrapper\"> <p style=\"color:;padding:px;text-align:;font-size:px;line-height:px;letter-spacing: px;font-weight:lighter\" class=\"nd_options_second_font\">Hotellet \u00e4r ett privat\u00e4gt, hemtrevligt och bekv\u00e4mt litet hotell. H\u00e4r bor ni antingen som f\u00f6retagsg\u00e4st eller fritidsresen\u00e4r, ett hotell som passar alla. Vi m\u00e5nar om v\u00e5ra g\u00e4ster och vill g\u00f6ra en s\u00e5 behaglig och trivsam upplevelse f\u00f6r er som m\u00f6jligt. Tidig frukost? S\u00e4g till i f\u00f6rv\u00e4g s\u00e5 kan vi ordna det!<\/p> <\/div><\/div><\/div><\/div><div style=\"background-color:;height: 50px\" class=\"nicdark_section\"><\/div>\n\t\n\t<a style=\"border: px solid;border-radius:px;letter-spacing:2px;line-height:11px;font-size:11px;background-color:#151515;padding:15px 35px;margin:;color:#ffffff\" rel=\"\" href=\"https:\/\/malarohotell.se\/en\/vara-rum\/\" class=\"nicdark_display_inline_block nd_options_float_left nd_options_font_weight_bold nd_options_second_font\">OUR ROOMS<\/a>\n\t\n<\/div><\/div><\/div><\/div><div class=\"vc_row-full-width vc_clearfix\"><\/div><div class=\"vc_row wpb_row vc_row-fluid\"><div class=\"nd_options_padding_20_first_div_important_all_iphone wpb_column vc_column_container vc_col-sm-12\"><div class=\"vc_column-inner vc_custom_1504096206452\"><div class=\"wpb_wrapper\"> <h2 style=\"color:#1c1c1c;padding:px;text-align:center;font-size:25px;line-height:45px;letter-spacing: px;font-weight:normal\" class=\"nd_options_font_size_20_important_all_iphone nd_options_line_height_40_important_all_iphone nd_options_first_font\">The hotel is centrally located between Eker\u00f6 Centrum and the Slagsta Ferry, three minutes in either direction. 30 min from Stockholm city and 25 min from Stockholm's fair.<\/h2> <\/div><\/div><\/div><\/div><div data-vc-full-width=\"true\" data-vc-full-width-init=\"false\" data-vc-stretch-content=\"true\" class=\"vc_row wpb_row vc_row-fluid\"><div class=\"wpb_column vc_column_container vc_col-sm-12\"><div class=\"vc_column-inner\"><div class=\"wpb_wrapper\"><div class=\"wpb_gmaps_widget wpb_content_element\"><div class=\"wpb_wrapper\"><div class=\"wpb_map_wraper\"><iframe src=\"https:\/\/www.google.com\/maps\/embed?pb=!1m18!1m12!1m3!1d1018.9562610935858!2d17.82825887129311!3d59.284315786635766!2m3!1f0!2f0!3f0!3m2!1i1024!2i768!4f13.1!3m3!1m2!1s0x465f7461492231b5%3A0x5bc1d465f6f77fd4!2sBryggav%C3%A4gen+104%2C+178+31+Eker%C3%B6!5e0!3m2!1ssv!2sse!4v1545062833218\" width=\"600\" height=\"450\" frameborder=\"0\" style=\"border:0\" allowfullscreen><\/iframe><\/div><\/div><\/div><\/div><\/div><\/div><\/div><div class=\"vc_row-full-width vc_clearfix\"><\/div>\n<\/section>","protected":false},"excerpt":{"rendered":"V\u00e4lkommen till M\u00e4lar\u00f6 Hotell M\u00e4lar\u00f6 Hotell Kom och upplev Eker\u00f6! Bo p\u00e5 M\u00e4lar\u00f6 Hotell med n\u00e4rhet till det stora utbudet av aktiviteter, sev\u00e4rdheter och \u00e4ventyr. BOKA NU M\u00e4lar\u00f6 Hotell Ett hotell som Passar alla Hotellet \u00e4r ett privat\u00e4gt, hemtrevligt och bekv\u00e4mt litet hotell. H\u00e4r bor ni antingen som f\u00f6retagsg\u00e4st eller fritidsresen\u00e4r, ett hotell som passar [...]","protected":false},"author":1,"featured_media":0,"parent":0,"menu_order":0,"comment_status":"closed","ping_status":"closed","template":"","meta":[],"aioseo_notices":[],"_links":{"self":[{"href":"https:\/\/malarohotell.se\/en\/wp-json\/wp\/v2\/pages\/16"}],"collection":[{"href":"https:\/\/malarohotell.se\/en\/wp-json\/wp\/v2\/pages"}],"about":[{"href":"https:\/\/malarohotell.se\/en\/wp-json\/wp\/v2\/types\/page"}],"author":[{"embeddable":true,"href":"https:\/\/malarohotell.se\/en\/wp-json\/wp\/v2\/users\/1"}],"replies":[{"embeddable":true,"href":"https:\/\/malarohotell.se\/en\/wp-json\/wp\/v2\/comments?post=16"}],"version-history":[{"count":64,"href":"https:\/\/malarohotell.se\/en\/wp-json\/wp\/v2\/pages\/16\/revisions"}],"predecessor-version":[{"id":15094,"href":"https:\/\/malarohotell.se\/en\/wp-json\/wp\/v2\/pages\/16\/revisions\/15094"}],"wp:attachment":[{"href":"https:\/\/malarohotell.se\/en\/wp-json\/wp\/v2\/media?parent=16"}],"curies":[{"name":"wp","href":"https:\/\/api.w.org\/{rel}","templated":true}]}}