{"id":15106,"date":"2023-07-15T16:27:40","date_gmt":"2023-07-15T14:27:40","guid":{"rendered":"https:\/\/malarohotell.se\/?page_id=15106"},"modified":"2023-07-15T16:27:40","modified_gmt":"2023-07-15T14:27:40","slug":"hitta-till-oss","status":"publish","type":"page","link":"https:\/\/malarohotell.se\/en\/hitta-till-oss\/","title":{"rendered":"Hitta till oss"},"content":{"rendered":"<section class=\"wpb-content-wrapper\"><div class=\"vc_row wpb_row vc_row-fluid\"><div class=\"wpb_column vc_column_container vc_col-sm-12\"><div class=\"vc_column-inner\"><div class=\"wpb_wrapper\"><div style=\"background-color:;height: 70px\" class=\"nicdark_section\"><\/div> <h3 style=\"color:;padding:px;text-align:center;font-size:px;line-height:px;letter-spacing: px;font-weight:lighter\" class=\"nd_options_third_font\">F\u00f6r att underl\u00e4tta din resa till oss har vi sammanst\u00e4llt f\u00f6ljande v\u00e4gbeskrivningar och kollektivtrafikinformation.<\/h3> <div style=\"background-color:;height: 70px\" class=\"nicdark_section\"><\/div><\/div><\/div><\/div><\/div><div class=\"vc_row wpb_row vc_row-fluid\"><div class=\"wpb_column vc_column_container vc_col-sm-6\"><div class=\"vc_column-inner\"><div class=\"wpb_wrapper\">\n\t<div  class=\"wpb_single_image wpb_content_element vc_align_center\">\n\t\t\n\t\t<figure class=\"wpb_wrapper vc_figure\">\n\t\t\t<div class=\"vc_single_image-wrapper   vc_box_border_grey\"><img class=\"vc_single_image-img\" src=\"https:\/\/malarohotell.se\/wp-content\/uploads\/2023\/07\/screen1-600x350.png\" width=\"600\" height=\"350\" alt=\"screen1\" title=\"screen1\" \/><\/div>\n\t\t<\/figure>\n\t<\/div>\n<\/div><\/div><\/div><div class=\"wpb_column vc_column_container vc_col-sm-6\"><div class=\"vc_column-inner\"><div class=\"wpb_wrapper\"> <h3 style=\"color:;padding:px;text-align:center;font-size:px;line-height:px;letter-spacing: px;font-weight:lighter\" class=\"nd_options_third_font\">V\u00e4gbeskrivning fr\u00e5n E4 norrifr\u00e5n:<\/h3> <div style=\"background-color:;height: 15px\" class=\"nicdark_section\"><\/div><div class=\"vc_separator wpb_content_element vc_separator_align_center vc_sep_width_50 vc_sep_pos_align_center vc_separator_no_text vc_sep_color_black\" ><span class=\"vc_sep_holder vc_sep_holder_l\"><span class=\"vc_sep_line\"><\/span><\/span><span class=\"vc_sep_holder vc_sep_holder_r\"><span class=\"vc_sep_line\"><\/span><\/span>\n<\/div><div style=\"background-color:;height: 15px\" class=\"nicdark_section\"><\/div> <h4 style=\"color:;padding:px;text-align:center;font-size:px;line-height:33px;letter-spacing: px;font-weight:lighter\" class=\"nd_options_third_font\">F\u00f6lj E4 s\u00f6derut och ta avfarten mot Eker\u00f6 (avfart 152). Sv\u00e4ng h\u00f6ger vid skylten mot Eker\u00f6 och f\u00f6lj v\u00e4gen i cirka 6 kilometer. Ta v\u00e4nster vid rondellen och forts\u00e4tt p\u00e5 samma v\u00e4g (v\u00e4g 261) i ungef\u00e4r 4 kilometer. Sv\u00e4ng h\u00f6ger in p\u00e5 Bryggav\u00e4gen och forts\u00e4tt rakt fram. Efter cirka 400 meter kommer du att n\u00e5 M\u00e4lar\u00f6 Hotell p\u00e5 v\u00e4nster sida.<\/h4> <\/div><\/div><\/div><\/div><div class=\"vc_row wpb_row vc_row-fluid\"><div class=\"wpb_column vc_column_container vc_col-sm-12\"><div class=\"vc_column-inner\"><div class=\"wpb_wrapper\"><div style=\"background-color:;height: 70px\" class=\"nicdark_section\"><\/div><\/div><\/div><\/div><\/div><div class=\"vc_row wpb_row vc_row-fluid\"><div class=\"wpb_column vc_column_container vc_col-sm-6\"><div class=\"vc_column-inner\"><div class=\"wpb_wrapper\"> <h3 style=\"color:;padding:px;text-align:center;font-size:px;line-height:px;letter-spacing: px;font-weight:lighter\" class=\"nd_options_third_font\">V\u00e4gbeskrivning fr\u00e5n E4 s\u00f6derifr\u00e5n:<\/h3> <div style=\"background-color:;height: 15px\" class=\"nicdark_section\"><\/div><div class=\"vc_separator wpb_content_element vc_separator_align_center vc_sep_width_50 vc_sep_pos_align_center vc_separator_no_text vc_sep_color_black\" ><span class=\"vc_sep_holder vc_sep_holder_l\"><span class=\"vc_sep_line\"><\/span><\/span><span class=\"vc_sep_holder vc_sep_holder_r\"><span class=\"vc_sep_line\"><\/span><\/span>\n<\/div><div style=\"background-color:;height: 15px\" class=\"nicdark_section\"><\/div> <h4 style=\"color:;padding:px;text-align:center;font-size:px;line-height:33px;letter-spacing: px;font-weight:lighter\" class=\"nd_options_third_font\">K\u00f6r norrut p\u00e5 E4 och ta avfart mot Eker\u00f6 (avfart 152). Sv\u00e4ng v\u00e4nster vid skylten mot Eker\u00f6 och f\u00f6lj v\u00e4gen i cirka 6 kilometer. Ta v\u00e4nster vid rondellen och forts\u00e4tt p\u00e5 samma v\u00e4g (v\u00e4g 261) i ungef\u00e4r 4 kilometer. Sv\u00e4ng h\u00f6ger in p\u00e5 Bryggav\u00e4gen och forts\u00e4tt rakt fram. Efter cirka 400 meter kommer du att n\u00e5 M\u00e4lar\u00f6 Hotell p\u00e5 v\u00e4nster sida.<\/h4> <\/div><\/div><\/div><div class=\"wpb_column vc_column_container vc_col-sm-6\"><div class=\"vc_column-inner\"><div class=\"wpb_wrapper\">\n\t<div  class=\"wpb_single_image wpb_content_element vc_align_center\">\n\t\t\n\t\t<figure class=\"wpb_wrapper vc_figure\">\n\t\t\t<div class=\"vc_single_image-wrapper   vc_box_border_grey\"><img class=\"vc_single_image-img\" src=\"https:\/\/malarohotell.se\/wp-content\/uploads\/2023\/07\/screen2-600x350.png\" width=\"600\" height=\"350\" alt=\"screen2\" title=\"screen2\" \/><\/div>\n\t\t<\/figure>\n\t<\/div>\n<\/div><\/div><\/div><\/div><div class=\"vc_row wpb_row vc_row-fluid\"><div class=\"wpb_column vc_column_container vc_col-sm-12\"><div class=\"vc_column-inner\"><div class=\"wpb_wrapper\"><div style=\"background-color:;height: 70px\" class=\"nicdark_section\"><\/div><\/div><\/div><\/div><\/div><div class=\"vc_row wpb_row vc_row-fluid\"><div class=\"wpb_column vc_column_container vc_col-sm-6\"><div class=\"vc_column-inner\"><div class=\"wpb_wrapper\">\n\t<div  class=\"wpb_single_image wpb_content_element vc_align_center\">\n\t\t\n\t\t<figure class=\"wpb_wrapper vc_figure\">\n\t\t\t<div class=\"vc_single_image-wrapper   vc_box_border_grey\"><img class=\"vc_single_image-img\" src=\"https:\/\/malarohotell.se\/wp-content\/uploads\/2023\/07\/sthlm-central-600x350.jpg\" width=\"600\" height=\"350\" alt=\"sthlm central\" title=\"sthlm central\" \/><\/div>\n\t\t<\/figure>\n\t<\/div>\n<\/div><\/div><\/div><div class=\"wpb_column vc_column_container vc_col-sm-6\"><div class=\"vc_column-inner\"><div class=\"wpb_wrapper\"> <h3 style=\"color:;padding:px;text-align:center;font-size:px;line-height:px;letter-spacing: px;font-weight:lighter\" class=\"nd_options_third_font\">Resa med SL fr\u00e5n Centralstationen Stockholm:<\/h3> <div style=\"background-color:;height: 15px\" class=\"nicdark_section\"><\/div><div class=\"vc_separator wpb_content_element vc_separator_align_center vc_sep_width_50 vc_sep_pos_align_center vc_separator_no_text vc_sep_color_black\" ><span class=\"vc_sep_holder vc_sep_holder_l\"><span class=\"vc_sep_line\"><\/span><\/span><span class=\"vc_sep_holder vc_sep_holder_r\"><span class=\"vc_sep_line\"><\/span><\/span>\n<\/div><div style=\"background-color:;height: 15px\" class=\"nicdark_section\"><\/div> <h4 style=\"color:;padding:px;text-align:center;font-size:px;line-height:33px;letter-spacing: px;font-weight:lighter\" class=\"nd_options_third_font\">G\u00e5 till T-Centralen, d\u00e4r du hittar tunnelbaneuppg\u00e5ngarna. Ta gr\u00f6na linjen (linje 19) mot Alvik. Tunnelbanan har vanligtvis en frekvens p\u00e5 cirka 10 minuter under dagtid och 15-20 minuter p\u00e5 kv\u00e4llar och helger. \u00c5k till Brommaplan och byt till buss 176 mot Eker\u00f6 centrum. Bussen har en genomsnittlig frekvens p\u00e5 cirka 20-30 minuter under dagtid och kv\u00e4llar. Tidtabeller och exakt frekvens kan kontrolleras p\u00e5 SL:s webbplats eller genom deras app. Kliv av vid h\u00e5llplats ``Eker\u00f6 centrum`` och g\u00e5 cirka 600 meter till M\u00e4lar\u00f6 Hotell p\u00e5 Bryggav\u00e4gen 10<\/h4> <\/div><\/div><\/div><\/div><div class=\"vc_row wpb_row vc_row-fluid\"><div class=\"wpb_column vc_column_container vc_col-sm-12\"><div class=\"vc_column-inner\"><div class=\"wpb_wrapper\"><div style=\"background-color:;height: 70px\" class=\"nicdark_section\"><\/div><\/div><\/div><\/div><\/div><div class=\"vc_row wpb_row vc_row-fluid\"><div class=\"wpb_column vc_column_container vc_col-sm-6\"><div class=\"vc_column-inner\"><div class=\"wpb_wrapper\"> <h3 style=\"color:;padding:px;text-align:center;font-size:px;line-height:px;letter-spacing: px;font-weight:lighter\" class=\"nd_options_third_font\">Resa med SL f\u00e4rja fr\u00e5n Stockholm:<\/h3> <div style=\"background-color:;height: 15px\" class=\"nicdark_section\"><\/div><div class=\"vc_separator wpb_content_element vc_separator_align_center vc_sep_width_50 vc_sep_pos_align_center vc_separator_no_text vc_sep_color_black\" ><span class=\"vc_sep_holder vc_sep_holder_l\"><span class=\"vc_sep_line\"><\/span><\/span><span class=\"vc_sep_holder vc_sep_holder_r\"><span class=\"vc_sep_line\"><\/span><\/span>\n<\/div><div style=\"background-color:;height: 15px\" class=\"nicdark_section\"><\/div> <h4 style=\"color:;padding:px;text-align:center;font-size:px;line-height:33px;letter-spacing: px;font-weight:lighter\" class=\"nd_options_third_font\">G\u00e5 till Riddarholmskajen, som ligger vid Riddarholmen i Gamla stan. Ta f\u00e4rjan nummer 89 till Eker\u00f6 Brygga. F\u00e4rjans frekvens kan variera beroende p\u00e5 tidpunkt och dag. Under h\u00f6gs\u00e4song och vardagar \u00e4r det vanligtvis en avg\u00e5ng ungef\u00e4r var 60:e minut. P\u00e5 helger och vissa tidpunkter kan frekvensen vara n\u00e5got l\u00e4gre. Tidtabeller kan kontrolleras p\u00e5 SL:s webbplats eller genom deras app. Efter cirka 50 minuters f\u00e4rjeresa n\u00e5r du Eker\u00f6 Brygga. G\u00e5 fr\u00e5n bryggan i riktning mot v\u00e4gen, sv\u00e4ng h\u00f6ger p\u00e5 Bryggav\u00e4gen och forts\u00e4tt rakt fram i cirka 1,5 kilometer. Du kommer att hitta M\u00e4lar\u00f6 Hotell p\u00e5 h\u00f6ger sida.<\/h4> <\/div><\/div><\/div><div class=\"wpb_column vc_column_container vc_col-sm-6\"><div class=\"vc_column-inner\"><div class=\"wpb_wrapper\">\n\t<div  class=\"wpb_single_image wpb_content_element vc_align_center\">\n\t\t\n\t\t<figure class=\"wpb_wrapper vc_figure\">\n\t\t\t<div class=\"vc_single_image-wrapper   vc_box_border_grey\"><img class=\"vc_single_image-img\" src=\"https:\/\/malarohotell.se\/wp-content\/uploads\/2023\/07\/lux-600x350.jpg\" width=\"600\" height=\"350\" alt=\"lux\" title=\"lux\" \/><\/div>\n\t\t<\/figure>\n\t<\/div>\n<\/div><\/div><\/div><\/div><div class=\"vc_row wpb_row vc_row-fluid\"><div class=\"wpb_column vc_column_container vc_col-sm-12\"><div class=\"vc_column-inner\"><div class=\"wpb_wrapper\"><div style=\"background-color:;height: 70px\" class=\"nicdark_section\"><\/div><\/div><\/div><\/div><\/div>\n<\/section>","protected":false},"excerpt":{"rendered":"F\u00f6r att underl\u00e4tta din resa till oss har vi sammanst\u00e4llt f\u00f6ljande v\u00e4gbeskrivningar och kollektivtrafikinformation. V\u00e4gbeskrivning fr\u00e5n E4 norrifr\u00e5n: F\u00f6lj E4 s\u00f6derut och ta avfarten mot Eker\u00f6 (avfart 152). Sv\u00e4ng h\u00f6ger vid skylten mot Eker\u00f6 och f\u00f6lj v\u00e4gen i cirka 6 kilometer. Ta v\u00e4nster vid rondellen och forts\u00e4tt p\u00e5 samma v\u00e4g (v\u00e4g 261) i ungef\u00e4r 4 [...]","protected":false},"author":1,"featured_media":0,"parent":0,"menu_order":0,"comment_status":"closed","ping_status":"closed","template":"","meta":[],"aioseo_notices":[],"_links":{"self":[{"href":"https:\/\/malarohotell.se\/en\/wp-json\/wp\/v2\/pages\/15106"}],"collection":[{"href":"https:\/\/malarohotell.se\/en\/wp-json\/wp\/v2\/pages"}],"about":[{"href":"https:\/\/malarohotell.se\/en\/wp-json\/wp\/v2\/types\/page"}],"author":[{"embeddable":true,"href":"https:\/\/malarohotell.se\/en\/wp-json\/wp\/v2\/users\/1"}],"replies":[{"embeddable":true,"href":"https:\/\/malarohotell.se\/en\/wp-json\/wp\/v2\/comments?post=15106"}],"version-history":[{"count":5,"href":"https:\/\/malarohotell.se\/en\/wp-json\/wp\/v2\/pages\/15106\/revisions"}],"predecessor-version":[{"id":15115,"href":"https:\/\/malarohotell.se\/en\/wp-json\/wp\/v2\/pages\/15106\/revisions\/15115"}],"wp:attachment":[{"href":"https:\/\/malarohotell.se\/en\/wp-json\/wp\/v2\/media?parent=15106"}],"curies":[{"name":"wp","href":"https:\/\/api.w.org\/{rel}","templated":true}]}}