{"id":1384,"date":"2018-12-04T16:08:34","date_gmt":"2018-12-04T16:08:34","guid":{"rendered":"http:\/\/malarohotell.se\/?page_id=1384"},"modified":"2023-07-14T19:17:44","modified_gmt":"2023-07-14T17:17:44","slug":"upptack-ekero","status":"publish","type":"page","link":"https:\/\/malarohotell.se\/en\/upptack-ekero\/","title":{"rendered":"Discover Eker\u00f6"},"content":{"rendered":"<section class=\"wpb-content-wrapper\"><div class=\"vc_row wpb_row vc_row-fluid\"><div class=\"wpb_column vc_column_container vc_col-sm-12\"><div class=\"vc_column-inner\"><div class=\"wpb_wrapper\"><div style=\"background-color:;height: 70px\" class=\"nicdark_section\"><\/div> <h2 style=\"color:;padding:px;text-align:center;font-size:px;line-height:px;letter-spacing: px;font-weight:lighter\" class=\"nd_options_third_font\">Eker\u00f6 is the place for adventures and experiences<\/h2> <div style=\"background-color:;height: 15px\" class=\"nicdark_section\"><\/div><div class=\"vc_separator wpb_content_element vc_separator_align_center vc_sep_width_60 vc_sep_pos_align_center vc_separator_no_text vc_sep_color_black\" ><span class=\"vc_sep_holder vc_sep_holder_l\"><span class=\"vc_sep_line\"><\/span><\/span><span class=\"vc_sep_holder vc_sep_holder_r\"><span class=\"vc_sep_line\"><\/span><\/span>\n<\/div><div style=\"background-color:;height: 8px\" class=\"nicdark_section\"><\/div> <h3 style=\"color:;padding:px;text-align:center;font-size:px;line-height:px;letter-spacing: px;font-weight:lighter\" class=\"nd_options_third_font\">At Eker\u00f6 there are experiences of the most diverse kinds. On the same day you can visit two World Heritage sites, shop in farm shops, take a dip in Lake M\u00e4laren, play golf, listen to the opera and finish off with a dinner. But by all means, don't stress, here you can also stay relaxed.<\/h3> <div style=\"background-color:;height: 70px\" class=\"nicdark_section\"><\/div><\/div><\/div><\/div><\/div><div class=\"vc_row wpb_row vc_row-fluid\"><div class=\"wpb_column vc_column_container vc_col-sm-6\"><div class=\"vc_column-inner\"><div class=\"wpb_wrapper\">\n\t<div  class=\"wpb_single_image wpb_content_element vc_align_center\">\n\t\t\n\t\t<figure class=\"wpb_wrapper vc_figure\">\n\t\t\t<div class=\"vc_single_image-wrapper   vc_box_border_grey\"><img class=\"vc_single_image-img\" src=\"https:\/\/malarohotell.se\/wp-content\/uploads\/2018\/12\/dholm-600x350.jpg\" width=\"600\" height=\"350\" alt=\"Hotell eker\u00f6 - Drottningholm\" title=\"Drottningholms Castle\" \/><\/div>\n\t\t<\/figure>\n\t<\/div>\n<\/div><\/div><\/div><div class=\"wpb_column vc_column_container vc_col-sm-6\"><div class=\"vc_column-inner\"><div class=\"wpb_wrapper\"> <h3 style=\"color:;padding:px;text-align:center;font-size:px;line-height:px;letter-spacing: px;font-weight:lighter\" class=\"nd_options_third_font\">Drottningholms Castle<\/h3> <div style=\"background-color:;height: 15px\" class=\"nicdark_section\"><\/div><div class=\"vc_separator wpb_content_element vc_separator_align_center vc_sep_width_50 vc_sep_pos_align_center vc_separator_no_text vc_sep_color_black\" ><span class=\"vc_sep_holder vc_sep_holder_l\"><span class=\"vc_sep_line\"><\/span><\/span><span class=\"vc_sep_holder vc_sep_holder_r\"><span class=\"vc_sep_line\"><\/span><\/span>\n<\/div><div style=\"background-color:;height: 15px\" class=\"nicdark_section\"><\/div> <h4 style=\"color:;padding:px;text-align:center;font-size:px;line-height:33px;letter-spacing: px;font-weight:lighter\" class=\"nd_options_third_font\">Make a day trip to Drottningholm and experience a historic environment of international highest class. Together with the exotic lust castle China castle, the castle theater and the grand castle park, the castle complex is unique. The castle was built according to French role models by architect Nicodemus Tessin the elder on behalf of Queen Hedvig Eleonora. Several royalty have since left their mark on the castle.<\/h4> <\/div><\/div><\/div><\/div><div class=\"vc_row wpb_row vc_row-fluid\"><div class=\"wpb_column vc_column_container vc_col-sm-12\"><div class=\"vc_column-inner\"><div class=\"wpb_wrapper\"><div style=\"background-color:;height: 70px\" class=\"nicdark_section\"><\/div><\/div><\/div><\/div><\/div><div class=\"vc_row wpb_row vc_row-fluid\"><div class=\"wpb_column vc_column_container vc_col-sm-6\"><div class=\"vc_column-inner\"><div class=\"wpb_wrapper\"> <h3 style=\"color:;padding:px;text-align:center;font-size:px;line-height:px;letter-spacing: px;font-weight:lighter\" class=\"nd_options_third_font\">The Blue Lagoon<\/h3> <div style=\"background-color:;height: 15px\" class=\"nicdark_section\"><\/div><div class=\"vc_separator wpb_content_element vc_separator_align_center vc_sep_width_50 vc_sep_pos_align_center vc_separator_no_text vc_sep_color_black\" ><span class=\"vc_sep_holder vc_sep_holder_l\"><span class=\"vc_sep_line\"><\/span><\/span><span class=\"vc_sep_holder vc_sep_holder_r\"><span class=\"vc_sep_line\"><\/span><\/span>\n<\/div><div style=\"background-color:;height: 15px\" class=\"nicdark_section\"><\/div> <h4 style=\"color:;padding:px;text-align:center;font-size:px;line-height:33px;letter-spacing: px;font-weight:lighter\" class=\"nd_options_third_font\">An excursion to the blue lagoon is perfect on a hot summer day, it is an old quarry or gravel pit that has been water filled. The water is clear and has a blue-green color, hence the nickname `` The Blue Lagoon`. The lagoon is surrounded by trees and forest and on one side it is a large and sloping sandy beach perfect for sand play.<\/h4> <\/div><\/div><\/div><div class=\"wpb_column vc_column_container vc_col-sm-6\"><div class=\"vc_column-inner\"><div class=\"wpb_wrapper\">\n\t<div  class=\"wpb_single_image wpb_content_element vc_align_center\">\n\t\t\n\t\t<figure class=\"wpb_wrapper vc_figure\">\n\t\t\t<div class=\"vc_single_image-wrapper   vc_box_border_grey\"><img class=\"vc_single_image-img\" src=\"https:\/\/malarohotell.se\/wp-content\/uploads\/2018\/12\/maxresdefault-600x350.jpg\" width=\"600\" height=\"350\" alt=\"Hotell eker\u00f6 - bad\" title=\"\" \/><\/div>\n\t\t<\/figure>\n\t<\/div>\n<\/div><\/div><\/div><\/div><div class=\"vc_row wpb_row vc_row-fluid\"><div class=\"wpb_column vc_column_container vc_col-sm-12\"><div class=\"vc_column-inner\"><div class=\"wpb_wrapper\"><div style=\"background-color:;height: 70px\" class=\"nicdark_section\"><\/div><\/div><\/div><\/div><\/div><div class=\"vc_row wpb_row vc_row-fluid\"><div class=\"wpb_column vc_column_container vc_col-sm-6\"><div class=\"vc_column-inner\"><div class=\"wpb_wrapper\">\n\t<div  class=\"wpb_single_image wpb_content_element vc_align_center\">\n\t\t\n\t\t<figure class=\"wpb_wrapper vc_figure\">\n\t\t\t<div class=\"vc_single_image-wrapper   vc_box_border_grey\"><img class=\"vc_single_image-img\" src=\"https:\/\/malarohotell.se\/wp-content\/uploads\/2018\/12\/pistkarta-600x350.jpg\" width=\"600\" height=\"350\" alt=\"Hotell eker\u00f6 - ekebyhovsbacken\" title=\"Ekebyhov Ski Area\" \/><\/div>\n\t\t<\/figure>\n\t<\/div>\n<\/div><\/div><\/div><div class=\"wpb_column vc_column_container vc_col-sm-6\"><div class=\"vc_column-inner\"><div class=\"wpb_wrapper\"> <h3 style=\"color:;padding:px;text-align:center;font-size:px;line-height:px;letter-spacing: px;font-weight:lighter\" class=\"nd_options_third_font\">Ekebyhov Ski Area<\/h3> <div style=\"background-color:;height: 15px\" class=\"nicdark_section\"><\/div><div class=\"vc_separator wpb_content_element vc_separator_align_center vc_sep_width_50 vc_sep_pos_align_center vc_separator_no_text vc_sep_color_black\" ><span class=\"vc_sep_holder vc_sep_holder_l\"><span class=\"vc_sep_line\"><\/span><\/span><span class=\"vc_sep_holder vc_sep_holder_r\"><span class=\"vc_sep_line\"><\/span><\/span>\n<\/div><div style=\"background-color:;height: 15px\" class=\"nicdark_section\"><\/div> <h4 style=\"color:;padding:px;text-align:center;font-size:px;line-height:33px;letter-spacing: px;font-weight:lighter\" class=\"nd_options_third_font\">Ekebyhovsbacken is one of the finest ski areas in the Stockholm area, and is only 300 meters from the hotel. There are both anchor lifts and children's lifts, and at the slopes, skis and snowboards are rented out for both adults and children. There is also a ski school. The ski area is located in Jungfrusunds\u00e5sen's outdoor recreation area, where there are also several other outdoor activities to take part in, such as exercise tracks, cross-country skiing and horse riding.<\/h4> <\/div><\/div><\/div><\/div><div class=\"vc_row wpb_row vc_row-fluid\"><div class=\"wpb_column vc_column_container vc_col-sm-12\"><div class=\"vc_column-inner\"><div class=\"wpb_wrapper\"><div style=\"background-color:;height: 70px\" class=\"nicdark_section\"><\/div><\/div><\/div><\/div><\/div><div class=\"vc_row wpb_row vc_row-fluid\"><div class=\"wpb_column vc_column_container vc_col-sm-12\"><div class=\"vc_column-inner\"><div class=\"wpb_wrapper\"> <h2 style=\"color:;padding:px;text-align:center;font-size:px;line-height:px;letter-spacing: px;font-weight:lighter\" class=\"nd_options_third_font\">Discover more of Eker\u00f6<\/h2> <div style=\"background-color:;height: 20px\" class=\"nicdark_section\"><\/div><\/div><\/div><\/div><\/div><div class=\"vc_row wpb_row vc_row-fluid\"><div class=\"wpb_column vc_column_container vc_col-sm-6\"><div class=\"vc_column-inner\"><div class=\"wpb_wrapper\">\n\t<div  class=\"wpb_single_image wpb_content_element vc_align_center\">\n\t\t\n\t\t<figure class=\"wpb_wrapper vc_figure\">\n\t\t\t<a href=\"http:\/\/www.ekero.se\/turism\" target=\"_self\" class=\"vc_single_image-wrapper   vc_box_border_grey\"><img class=\"vc_single_image-img\" src=\"https:\/\/malarohotell.se\/wp-content\/uploads\/2018\/12\/Eker\u00f6-logga.jpg\" width=\"223\" height=\"97\" alt=\"\" title=\"\" \/><\/a>\n\t\t<\/figure>\n\t<\/div>\n<\/div><\/div><\/div><div class=\"wpb_column vc_column_container vc_col-sm-6\"><div class=\"vc_column-inner\"><div class=\"wpb_wrapper\">\n\t<div  class=\"wpb_single_image wpb_content_element vc_align_center\">\n\t\t\n\t\t<figure class=\"wpb_wrapper vc_figure\">\n\t\t\t<a href=\"http:\/\/www.slagstamarina.se\/\" target=\"_self\" class=\"vc_single_image-wrapper   vc_box_border_grey\"><img class=\"vc_single_image-img\" src=\"https:\/\/malarohotell.se\/wp-content\/uploads\/2018\/12\/0-200x100.png\" width=\"200\" height=\"100\" alt=\"Slagsta Marina Eker\u00f6\" title=\"Slagsta Marina Eker\u00f6\" \/><\/a>\n\t\t<\/figure>\n\t<\/div>\n<\/div><\/div><\/div><\/div><div class=\"vc_row wpb_row vc_row-fluid\"><div class=\"wpb_column vc_column_container vc_col-sm-12\"><div class=\"vc_column-inner\"><div class=\"wpb_wrapper\"><div style=\"background-color:;height: 70px\" class=\"nicdark_section\"><\/div><\/div><\/div><\/div><\/div>\n<\/section>","protected":false},"excerpt":{"rendered":"Eker\u00f6 \u00e4r platsen f\u00f6r \u00e4ventyr och upplevelser P\u00e5 Eker\u00f6 finns upplevelser av de mest skiftande slag. P\u00e5 en och samma dag kan du bes\u00f6ka tv\u00e5 v\u00e4rldsarv, handla i g\u00e5rdsbutiker, ta ett dopp i M\u00e4laren, spela golf, lyssna p\u00e5 opera och avsluta med en middag. Men f\u00f6r all del, stressa inte, h\u00e4r kan du ocks\u00e5 landa [...]","protected":false},"author":1,"featured_media":0,"parent":0,"menu_order":0,"comment_status":"closed","ping_status":"closed","template":"","meta":[],"aioseo_notices":[],"_links":{"self":[{"href":"https:\/\/malarohotell.se\/en\/wp-json\/wp\/v2\/pages\/1384"}],"collection":[{"href":"https:\/\/malarohotell.se\/en\/wp-json\/wp\/v2\/pages"}],"about":[{"href":"https:\/\/malarohotell.se\/en\/wp-json\/wp\/v2\/types\/page"}],"author":[{"embeddable":true,"href":"https:\/\/malarohotell.se\/en\/wp-json\/wp\/v2\/users\/1"}],"replies":[{"embeddable":true,"href":"https:\/\/malarohotell.se\/en\/wp-json\/wp\/v2\/comments?post=1384"}],"version-history":[{"count":26,"href":"https:\/\/malarohotell.se\/en\/wp-json\/wp\/v2\/pages\/1384\/revisions"}],"predecessor-version":[{"id":15102,"href":"https:\/\/malarohotell.se\/en\/wp-json\/wp\/v2\/pages\/1384\/revisions\/15102"}],"wp:attachment":[{"href":"https:\/\/malarohotell.se\/en\/wp-json\/wp\/v2\/media?parent=1384"}],"curies":[{"name":"wp","href":"https:\/\/api.w.org\/{rel}","templated":true}]}}