{"id":1295,"date":"2018-11-23T14:34:26","date_gmt":"2018-11-23T14:34:26","guid":{"rendered":"http:\/\/malarohotell.se\/?page_id=1295"},"modified":"2023-07-14T19:10:34","modified_gmt":"2023-07-14T17:10:34","slug":"kontakt","status":"publish","type":"page","link":"https:\/\/malarohotell.se\/en\/kontakt\/","title":{"rendered":"Contact"},"content":{"rendered":"<section class=\"wpb-content-wrapper\"><div data-vc-full-width=\"true\" data-vc-full-width-init=\"false\" data-vc-stretch-content=\"true\" class=\"vc_row wpb_row vc_row-fluid\"><div class=\"wpb_column vc_column_container vc_col-sm-12\"><div class=\"vc_column-inner\"><div class=\"wpb_wrapper\"><\/div><\/div><\/div><\/div><div class=\"vc_row-full-width vc_clearfix\"><\/div><div class=\"vc_row wpb_row vc_row-fluid\"><div class=\"wpb_column vc_column_container vc_col-sm-12\"><div class=\"vc_column-inner\"><div class=\"wpb_wrapper\"><div style=\"background-color:;height: 60px\" class=\"nicdark_section\"><\/div><\/div><\/div><\/div><\/div><div class=\"vc_row wpb_row vc_row-fluid\"><div class=\"wpb_column vc_column_container vc_col-sm-6\"><div class=\"vc_column-inner\"><div class=\"wpb_wrapper\"> <h2 style=\"color:;padding:px;text-align:;font-size:px;line-height:px;letter-spacing: px;font-weight:lighter\" class=\"nd_options_third_font\">Contact us<\/h2> <div style=\"background-color:;height: 20px\" class=\"nicdark_section\"><\/div> <h3 style=\"color:;padding:px;text-align:;font-size:px;line-height:px;letter-spacing: px;font-weight:lighter\" class=\"nd_options_third_font\">If you want to make a request regarding group bookings, corporate agreements or special requests please contact us by email or phone.\nWelcome!<\/h3> <div style=\"background-color:;height: 20px\" class=\"nicdark_section\"><\/div>\n<div class=\"wpcf7 no-js\" id=\"wpcf7-f1362-o1\" lang=\"sv-SE\" dir=\"ltr\">\n<div class=\"screen-reader-response\"><p role=\"status\" aria-live=\"polite\" aria-atomic=\"true\"><\/p> <ul><\/ul><\/div>\n<form action=\"\/en\/wp-json\/wp\/v2\/pages\/1295#wpcf7-f1362-o1\" method=\"post\" class=\"wpcf7-form init\" aria-label=\"Kontaktformul\u00e4r\" novalidate=\"novalidate\" data-status=\"init\" data-trp-original-action=\"\/en\/wp-json\/wp\/v2\/pages\/1295#wpcf7-f1362-o1\">\n<div style=\"display: none;\">\n<input type=\"hidden\" name=\"_wpcf7\" value=\"1362\" \/>\n<input type=\"hidden\" name=\"_wpcf7_version\" value=\"5.7.7\" \/>\n<input type=\"hidden\" name=\"_wpcf7_locale\" value=\"sv_SE\" \/>\n<input type=\"hidden\" name=\"_wpcf7_unit_tag\" value=\"wpcf7-f1362-o1\" \/>\n<input type=\"hidden\" name=\"_wpcf7_container_post\" value=\"0\" \/>\n<input type=\"hidden\" name=\"_wpcf7_posted_data_hash\" value=\"\" \/>\n<\/div>\n<p><label> Your name (compulsory)<br \/>\n<span class=\"wpcf7-form-control-wrap\" data-name=\"your-name\"><input size=\"40\" class=\"wpcf7-form-control wpcf7-text wpcf7-validates-as-required\" aria-required=\"true\" aria-invalid=\"false\" value=\"\" type=\"text\" name=\"your-name\" \/><\/span> <\/label>\n<\/p>\n<p><label> Your Email (compulsory)<br \/>\n<span class=\"wpcf7-form-control-wrap\" data-name=\"your-email\"><input size=\"40\" class=\"wpcf7-form-control wpcf7-text wpcf7-email wpcf7-validates-as-required wpcf7-validates-as-email\" aria-required=\"true\" aria-invalid=\"false\" value=\"\" type=\"email\" name=\"your-email\" \/><\/span> <\/label>\n<\/p>\n<p><label> Subject<br \/>\n<span class=\"wpcf7-form-control-wrap\" data-name=\"your-subject\"><input size=\"40\" class=\"wpcf7-form-control wpcf7-text\" aria-invalid=\"false\" value=\"\" type=\"text\" name=\"your-subject\" \/><\/span> <\/label>\n<\/p>\n<p><label> Your message<br \/>\n<span class=\"wpcf7-form-control-wrap\" data-name=\"your-message\"><textarea cols=\"40\" rows=\"10\" class=\"wpcf7-form-control wpcf7-textarea\" aria-invalid=\"false\" name=\"your-message\"><\/textarea><\/span> <\/label>\n<\/p>\n<p><input class=\"wpcf7-form-control has-spinner wpcf7-submit\" type=\"submit\" value=\"Send\" \/>\n<\/p><p style=\"display: none !important;\"><label>&#916;<textarea name=\"_wpcf7_ak_hp_textarea\" cols=\"45\" rows=\"8\" maxlength=\"100\"><\/textarea><\/label><input type=\"hidden\" id=\"ak_js_1\" name=\"_wpcf7_ak_js\" value=\"217\"\/><script>document.getElementById( \"ak_js_1\" ).setAttribute( \"value\", ( new Date() ).getTime() );<\/script><\/p><div class=\"wpcf7-response-output\" aria-hidden=\"true\"><\/div>\n<input type=\"hidden\" name=\"trp-form-language\" value=\"en\"\/><\/form>\n<\/div>\n<\/div><\/div><\/div><div class=\"wpb_column vc_column_container vc_col-sm-6\"><div class=\"vc_column-inner\"><div class=\"wpb_wrapper\"><div class=\"wpb_gmaps_widget wpb_content_element vc_map_responsive\"><div class=\"wpb_wrapper\"><div class=\"wpb_map_wraper\"><iframe src=\"https:\/\/www.google.com\/maps\/embed?pb=!1m18!1m12!1m3!1d681.3782326084813!2d17.828714206897644!3d59.28430112480897!2m3!1f0!2f0!3f0!3m2!1i1024!2i768!4f13.1!3m3!1m2!1s0x465f7461492231b5%3A0x5bc1d465f6f77fd4!2sBryggav%C3%A4gen+104%2C+178+31+Eker%C3%B6!5e1!3m2!1ssv!2sse!4v1543330485578\" width=\"600\" height=\"450\" frameborder=\"0\" style=\"border:0\" allowfullscreen><\/iframe><\/div><\/div><\/div><div class=\"vc_row wpb_row vc_inner vc_row-fluid\"><div class=\"wpb_column vc_column_container vc_col-sm-6\"><div class=\"vc_column-inner\"><div class=\"wpb_wrapper\"><div style=\"background-color:;height: 2px\" class=\"nicdark_section\"><\/div>\n\n\n  <div class=\"nd_options_section  nd_options_display_table\">\n    <div class=\"nd_options_display_table_cell nd_options_vertical_align_middle nd_options_width_50_percentage nd_options_text_align_left nd_options_padding_10 nd_options_box_sizing_border_box\">\n      <p class=\"nd_options_margin_0 nd_options_padding_0\" style=\"color:#000000\">Bryggav\u00e4gen 104<\/p>\n    <\/div>\n    <div class=\"nd_options_display_table_cell nd_options_vertical_align_middle nd_options_width_50_percentage nd_options_text_align_right nd_options_padding_10 nd_options_box_sizing_border_box\">\n      <p class=\"nd_options_margin_0 nd_options_padding_0\" style=\"color:#0a0a0a\">178 31 Eker\u00f6<\/p>\n    <\/div>\n  <\/div>\n\n\n   <div style=\"background-color:;height: 3px\" class=\"nicdark_section\"><\/div>\n\n\n  <div class=\"nd_options_section  nd_options_display_table\">\n    <div class=\"nd_options_display_table_cell nd_options_vertical_align_middle nd_options_width_50_percentage nd_options_text_align_left nd_options_padding_10 nd_options_box_sizing_border_box\">\n      <p class=\"nd_options_margin_0 nd_options_padding_0\" style=\"color:#000000\">Check-In:<\/p>\n    <\/div>\n    <div class=\"nd_options_display_table_cell nd_options_vertical_align_middle nd_options_width_50_percentage nd_options_text_align_right nd_options_padding_10 nd_options_box_sizing_border_box\">\n      <p class=\"nd_options_margin_0 nd_options_padding_0\" style=\"color:#0a0a0a\">14:00<\/p>\n    <\/div>\n  <\/div>\n\n\n   \n\n\n  <div class=\"nd_options_section  nd_options_display_table\">\n    <div class=\"nd_options_display_table_cell nd_options_vertical_align_middle nd_options_width_50_percentage nd_options_text_align_left nd_options_padding_10 nd_options_box_sizing_border_box\">\n      <p class=\"nd_options_margin_0 nd_options_padding_0\" style=\"color:#000000\">Check-Out:<\/p>\n    <\/div>\n    <div class=\"nd_options_display_table_cell nd_options_vertical_align_middle nd_options_width_50_percentage nd_options_text_align_right nd_options_padding_10 nd_options_box_sizing_border_box\">\n      <p class=\"nd_options_margin_0 nd_options_padding_0\" style=\"color:#0a0a0a\">12:00<\/p>\n    <\/div>\n  <\/div>\n\n\n   <\/div><\/div><\/div><div class=\"wpb_column vc_column_container vc_col-sm-6\"><div class=\"vc_column-inner\"><div class=\"wpb_wrapper\">\n\n\n  <div class=\"nd_options_section  nd_options_display_table\">\n    <div class=\"nd_options_display_table_cell nd_options_vertical_align_middle nd_options_width_50_percentage nd_options_text_align_left nd_options_padding_10 nd_options_box_sizing_border_box\">\n      <p class=\"nd_options_margin_0 nd_options_padding_0\" style=\"color:#000000\">Phone:<\/p>\n    <\/div>\n    <div class=\"nd_options_display_table_cell nd_options_vertical_align_middle nd_options_width_50_percentage nd_options_text_align_right nd_options_padding_10 nd_options_box_sizing_border_box\">\n      <p class=\"nd_options_margin_0 nd_options_padding_0\" style=\"color:#0a0a0a\">0730-801020<\/p>\n    <\/div>\n  <\/div>\n\n\n   <div style=\"background-color:;height: 3px\" class=\"nicdark_section\"><\/div>\n\n\n  <div class=\"nd_options_section  nd_options_display_table\">\n    <div class=\"nd_options_display_table_cell nd_options_vertical_align_middle nd_options_width_50_percentage nd_options_text_align_left nd_options_padding_10 nd_options_box_sizing_border_box\">\n      <p class=\"nd_options_margin_0 nd_options_padding_0\" style=\"color:#000000\">Email:<\/p>\n    <\/div>\n    <div class=\"nd_options_display_table_cell nd_options_vertical_align_middle nd_options_width_50_percentage nd_options_text_align_right nd_options_padding_10 nd_options_box_sizing_border_box\">\n      <p class=\"nd_options_margin_0 nd_options_padding_0\" style=\"color:#0a0a0a\">info@malarohotell.se<\/p>\n    <\/div>\n  <\/div>\n\n\n   <div style=\"background-color:;height: 10px\" class=\"nicdark_section\"><\/div><\/div><\/div><\/div><\/div><div style=\"background-color:;height: 20px\" class=\"nicdark_section\"><\/div> <h5 style=\"color:;padding:px;text-align:;font-size:px;line-height:px;letter-spacing: px;font-weight:lighter\" class=\"nd_options_third_font\">Reception open times:<\/h5> <div style=\"background-color:;height: 9px\" class=\"nicdark_section\"><\/div> <h5 style=\"color:;padding:px;text-align:;font-size:px;line-height:px;letter-spacing: px;font-weight:lighter\" class=\"nd_options_third_font\">M\u00e5ndag - Fredag 07:00 - 18:00<\/h5> <div style=\"background-color:;height: 9px\" class=\"nicdark_section\"><\/div> <h5 style=\"color:;padding:px;text-align:;font-size:px;line-height:px;letter-spacing: px;font-weight:lighter\" class=\"nd_options_third_font\">L\u00f6rdag - S\u00f6ndag 08:00 - 18:00<\/h5> <div style=\"background-color:;height: 9px\" class=\"nicdark_section\"><\/div> <h5 style=\"color:;padding:px;text-align:;font-size:px;line-height:px;letter-spacing: px;font-weight:lighter\" class=\"nd_options_third_font\">Other times easy check-in by code that you recieve from the reception or via text message.<\/h5> <\/div><\/div><\/div><\/div><div class=\"vc_row wpb_row vc_row-fluid\"><div class=\"wpb_column vc_column_container vc_col-sm-12\"><div class=\"vc_column-inner\"><div class=\"wpb_wrapper\"><div style=\"background-color:;height: 20px\" class=\"nicdark_section\"><\/div><\/div><\/div><\/div><\/div>\n<\/section>","protected":false},"excerpt":{"rendered":"Kontakta oss Om ni har f\u00f6rfr\u00e5gningar p\u00e5 grupper, f\u00f6retagsavtal eller speciella \u00f6nskem\u00e5l h\u00f6r av er till oss via e-post eller telefon. V\u00e4lkomna! Ditt namn (obligatorisk) Din e-post (obligatorisk) \u00c4mne Ditt meddelande &#916; Bryggav\u00e4gen 104 178 31 Eker\u00f6 Check-In: 14:00 Check-Out: 12:00 Telefon: 0730-801020 Email: info@malarohotell.se Receptionens \u00f6ppettider: M\u00e5ndag - Fredag 07:00 - 18:00 L\u00f6rdag - [...]","protected":false},"author":1,"featured_media":0,"parent":0,"menu_order":0,"comment_status":"closed","ping_status":"closed","template":"","meta":[],"aioseo_notices":[],"_links":{"self":[{"href":"https:\/\/malarohotell.se\/en\/wp-json\/wp\/v2\/pages\/1295"}],"collection":[{"href":"https:\/\/malarohotell.se\/en\/wp-json\/wp\/v2\/pages"}],"about":[{"href":"https:\/\/malarohotell.se\/en\/wp-json\/wp\/v2\/types\/page"}],"author":[{"embeddable":true,"href":"https:\/\/malarohotell.se\/en\/wp-json\/wp\/v2\/users\/1"}],"replies":[{"embeddable":true,"href":"https:\/\/malarohotell.se\/en\/wp-json\/wp\/v2\/comments?post=1295"}],"version-history":[{"count":22,"href":"https:\/\/malarohotell.se\/en\/wp-json\/wp\/v2\/pages\/1295\/revisions"}],"predecessor-version":[{"id":15101,"href":"https:\/\/malarohotell.se\/en\/wp-json\/wp\/v2\/pages\/1295\/revisions\/15101"}],"wp:attachment":[{"href":"https:\/\/malarohotell.se\/en\/wp-json\/wp\/v2\/media?parent=1295"}],"curies":[{"name":"wp","href":"https:\/\/api.w.org\/{rel}","templated":true}]}}