{"id":1293,"date":"2018-11-23T14:34:15","date_gmt":"2018-11-23T14:34:15","guid":{"rendered":"http:\/\/malarohotell.se\/?page_id=1293"},"modified":"2023-07-14T13:12:01","modified_gmt":"2023-07-14T13:12:01","slug":"galleri","status":"publish","type":"page","link":"https:\/\/malarohotell.se\/en\/galleri\/","title":{"rendered":"Gallery"},"content":{"rendered":"<section class=\"wpb-content-wrapper\"><div data-vc-full-width=\"true\" data-vc-full-width-init=\"false\" data-vc-stretch-content=\"true\" class=\"vc_row wpb_row vc_row-fluid\"><div class=\"wpb_column vc_column_container vc_col-sm-12\"><div class=\"vc_column-inner\"><div class=\"wpb_wrapper\"><div style=\"background-color:;height: 60px\" class=\"nicdark_section\"><\/div><\/div><\/div><\/div><\/div><div class=\"vc_row-full-width vc_clearfix\"><\/div><div class=\"vc_row wpb_row vc_row-fluid\"><div class=\"wpb_column vc_column_container vc_col-sm-12\"><div class=\"vc_column-inner\"><div class=\"wpb_wrapper\"><\/div><\/div><\/div><\/div><div class=\"vc_row wpb_row vc_row-fluid\"><div class=\"wpb_column vc_column_container vc_col-sm-4\"><div class=\"vc_column-inner\"><div class=\"wpb_wrapper\">\n\t<div  class=\"wpb_single_image wpb_content_element vc_align_center\">\n\t\t\n\t\t<figure class=\"wpb_wrapper vc_figure\">\n\t\t\t<a href=\"https:\/\/malarohotell.se\/wp-content\/uploads\/2018\/11\/9378326.jpeg\" target=\"_self\" class=\"vc_single_image-wrapper   vc_box_border_grey\"><img class=\"vc_single_image-img\" src=\"https:\/\/malarohotell.se\/wp-content\/uploads\/2018\/11\/9378326-450x333.jpeg\" width=\"450\" height=\"333\" alt=\"M\u00e4lar\u00f6 Hotell Eker\u00f6\" title=\"M\u00e4lar\u00f6 Hotell p\u00e5 Eker\u00f6\" \/><\/a>\n\t\t<\/figure>\n\t<\/div>\n<\/div><\/div><\/div><div class=\"wpb_column vc_column_container vc_col-sm-4\"><div class=\"vc_column-inner\"><div class=\"wpb_wrapper\">\n\t<div  class=\"wpb_single_image wpb_content_element vc_align_center\">\n\t\t\n\t\t<figure class=\"wpb_wrapper vc_figure\">\n\t\t\t<a href=\"https:\/\/malarohotell.se\/wp-content\/uploads\/2018\/12\/thumbnail_IMG_5121-1024x768.jpg\" target=\"_self\" class=\"vc_single_image-wrapper   vc_box_border_grey\"><img class=\"vc_single_image-img\" src=\"https:\/\/malarohotell.se\/wp-content\/uploads\/2018\/12\/thumbnail_IMG_5121-450x350.jpg\" width=\"450\" height=\"350\" alt=\"M\u00e4lar\u00f6 Hotell p\u00e5 Eker\u00f6\" title=\"M\u00e4lar\u00f6 Hotell p\u00e5 Eker\u00f6\" \/><\/a>\n\t\t<\/figure>\n\t<\/div>\n<\/div><\/div><\/div><div class=\"wpb_column vc_column_container vc_col-sm-4\"><div class=\"vc_column-inner\"><div class=\"wpb_wrapper\">\n\t<div  class=\"wpb_single_image wpb_content_element vc_align_center\">\n\t\t\n\t\t<figure class=\"wpb_wrapper vc_figure\">\n\t\t\t<a href=\"https:\/\/malarohotell.se\/wp-content\/uploads\/2018\/12\/utsida.jpg\" target=\"_self\" class=\"vc_single_image-wrapper   vc_box_border_grey\"><img class=\"vc_single_image-img\" src=\"https:\/\/malarohotell.se\/wp-content\/uploads\/2018\/12\/utsida-450x350.jpg\" width=\"450\" height=\"350\" alt=\"M\u00e4lar\u00f6 Hotell p\u00e5 Eker\u00f6\" title=\"M\u00e4lar\u00f6 Hotell p\u00e5 Eker\u00f6\" \/><\/a>\n\t\t<\/figure>\n\t<\/div>\n<\/div><\/div><\/div><\/div><div class=\"vc_row wpb_row vc_row-fluid\"><div class=\"wpb_column vc_column_container vc_col-sm-12\"><div class=\"vc_column-inner\"><div class=\"wpb_wrapper\"><div style=\"background-color:;height: 60px\" class=\"nicdark_section\"><\/div><\/div><\/div><\/div><\/div><div class=\"vc_row wpb_row vc_row-fluid\"><div class=\"wpb_column vc_column_container vc_col-sm-4\"><div class=\"vc_column-inner\"><div class=\"wpb_wrapper\">\n\t<div  class=\"wpb_single_image wpb_content_element vc_align_center\">\n\t\t\n\t\t<figure class=\"wpb_wrapper vc_figure\">\n\t\t\t<a href=\"https:\/\/malarohotell.se\/wp-content\/uploads\/2018\/11\/5350948.jpg\" target=\"_self\" class=\"vc_single_image-wrapper   vc_box_border_grey\"><img class=\"vc_single_image-img\" src=\"https:\/\/malarohotell.se\/wp-content\/uploads\/2018\/11\/5350948-450x350.jpg\" width=\"450\" height=\"350\" alt=\"M\u00e4lar\u00f6 Hotell p\u00e5 Eker\u00f6\" title=\"M\u00e4lar\u00f6 Hotell p\u00e5 Eker\u00f6\" \/><\/a>\n\t\t<\/figure>\n\t<\/div>\n<\/div><\/div><\/div><div class=\"wpb_column vc_column_container vc_col-sm-4\"><div class=\"vc_column-inner\"><div class=\"wpb_wrapper\">\n\t<div  class=\"wpb_single_image wpb_content_element vc_align_center\">\n\t\t\n\t\t<figure class=\"wpb_wrapper vc_figure\">\n\t\t\t<a href=\"https:\/\/malarohotell.se\/wp-content\/uploads\/2018\/11\/2921219.jpg\" target=\"_self\" class=\"vc_single_image-wrapper   vc_box_border_grey\"><img class=\"vc_single_image-img\" src=\"https:\/\/malarohotell.se\/wp-content\/uploads\/2018\/11\/2921219-450x350.jpg\" width=\"450\" height=\"350\" alt=\"M\u00e4lar\u00f6 Hotell p\u00e5 Eker\u00f6\" title=\"M\u00e4lar\u00f6 Hotell p\u00e5 Eker\u00f6\" \/><\/a>\n\t\t<\/figure>\n\t<\/div>\n<\/div><\/div><\/div><div class=\"wpb_column vc_column_container vc_col-sm-4\"><div class=\"vc_column-inner\"><div class=\"wpb_wrapper\">\n\t<div  class=\"wpb_single_image wpb_content_element vc_align_center\">\n\t\t\n\t\t<figure class=\"wpb_wrapper vc_figure\">\n\t\t\t<a href=\"https:\/\/malarohotell.se\/wp-content\/uploads\/2018\/12\/thumbnail_IMG_5106-1024x768.jpg\" target=\"_self\" class=\"vc_single_image-wrapper   vc_box_border_grey\"><img class=\"vc_single_image-img\" src=\"https:\/\/malarohotell.se\/wp-content\/uploads\/2018\/12\/thumbnail_IMG_5106-450x350.jpg\" width=\"450\" height=\"350\" alt=\"M\u00e4lar\u00f6 Hotell p\u00e5 Eker\u00f6\" title=\"M\u00e4lar\u00f6 Hotell p\u00e5 Eker\u00f6\" \/><\/a>\n\t\t<\/figure>\n\t<\/div>\n<\/div><\/div><\/div><\/div><div class=\"vc_row wpb_row vc_row-fluid\"><div class=\"wpb_column vc_column_container vc_col-sm-12\"><div class=\"vc_column-inner\"><div class=\"wpb_wrapper\"><div style=\"background-color:;height: 60px\" class=\"nicdark_section\"><\/div><\/div><\/div><\/div><\/div><div class=\"vc_row wpb_row vc_row-fluid\"><div class=\"wpb_column vc_column_container vc_col-sm-4\"><div class=\"vc_column-inner\"><div class=\"wpb_wrapper\">\n\t<div  class=\"wpb_single_image wpb_content_element vc_align_center\">\n\t\t\n\t\t<figure class=\"wpb_wrapper vc_figure\">\n\t\t\t<a href=\"https:\/\/malarohotell.se\/wp-content\/uploads\/2018\/11\/13540998.jpg\" target=\"_self\" class=\"vc_single_image-wrapper   vc_box_border_grey\"><img class=\"vc_single_image-img\" src=\"https:\/\/malarohotell.se\/wp-content\/uploads\/2018\/11\/13540998-450x350.jpg\" width=\"450\" height=\"350\" alt=\"\" title=\"\" \/><\/a>\n\t\t<\/figure>\n\t<\/div>\n<\/div><\/div><\/div><div class=\"wpb_column vc_column_container vc_col-sm-4\"><div class=\"vc_column-inner\"><div class=\"wpb_wrapper\">\n\t<div  class=\"wpb_single_image wpb_content_element vc_align_center\">\n\t\t\n\t\t<figure class=\"wpb_wrapper vc_figure\">\n\t\t\t<a href=\"https:\/\/malarohotell.se\/wp-content\/uploads\/2018\/12\/thumbnail_IMG_5116-1024x768.jpg\" target=\"_self\" class=\"vc_single_image-wrapper   vc_box_border_grey\"><img class=\"vc_single_image-img\" src=\"https:\/\/malarohotell.se\/wp-content\/uploads\/2018\/12\/thumbnail_IMG_5116-450x350.jpg\" width=\"450\" height=\"350\" alt=\"M\u00e4lar\u00f6 Hotell p\u00e5 Eker\u00f6\" title=\"M\u00e4lar\u00f6 Hotell p\u00e5 Eker\u00f6\" \/><\/a>\n\t\t<\/figure>\n\t<\/div>\n<\/div><\/div><\/div><div class=\"wpb_column vc_column_container vc_col-sm-4\"><div class=\"vc_column-inner\"><div class=\"wpb_wrapper\">\n\t<div  class=\"wpb_single_image wpb_content_element vc_align_center\">\n\t\t\n\t\t<figure class=\"wpb_wrapper vc_figure\">\n\t\t\t<a href=\"https:\/\/malarohotell.se\/wp-content\/uploads\/2018\/12\/thumbnail_IMG_5108-1024x768.jpg\" target=\"_self\" class=\"vc_single_image-wrapper   vc_box_border_grey\"><img class=\"vc_single_image-img\" src=\"https:\/\/malarohotell.se\/wp-content\/uploads\/2018\/12\/thumbnail_IMG_5108-450x350.jpg\" width=\"450\" height=\"350\" alt=\"M\u00e4lar\u00f6 Hotell Eker\u00f6\" title=\"M\u00e4lar\u00f6 Hotell p\u00e5 Eker\u00f6\" \/><\/a>\n\t\t<\/figure>\n\t<\/div>\n<\/div><\/div><\/div><\/div><div class=\"vc_row wpb_row vc_row-fluid\"><div class=\"wpb_column vc_column_container vc_col-sm-12\"><div class=\"vc_column-inner\"><div class=\"wpb_wrapper\"><div style=\"background-color:;height: 60px\" class=\"nicdark_section\"><\/div><\/div><\/div><\/div><\/div>\n<\/section>","protected":false},"excerpt":{"rendered":"","protected":false},"author":1,"featured_media":0,"parent":0,"menu_order":0,"comment_status":"closed","ping_status":"closed","template":"","meta":[],"aioseo_notices":[],"_links":{"self":[{"href":"https:\/\/malarohotell.se\/en\/wp-json\/wp\/v2\/pages\/1293"}],"collection":[{"href":"https:\/\/malarohotell.se\/en\/wp-json\/wp\/v2\/pages"}],"about":[{"href":"https:\/\/malarohotell.se\/en\/wp-json\/wp\/v2\/types\/page"}],"author":[{"embeddable":true,"href":"https:\/\/malarohotell.se\/en\/wp-json\/wp\/v2\/users\/1"}],"replies":[{"embeddable":true,"href":"https:\/\/malarohotell.se\/en\/wp-json\/wp\/v2\/comments?post=1293"}],"version-history":[{"count":10,"href":"https:\/\/malarohotell.se\/en\/wp-json\/wp\/v2\/pages\/1293\/revisions"}],"predecessor-version":[{"id":15097,"href":"https:\/\/malarohotell.se\/en\/wp-json\/wp\/v2\/pages\/1293\/revisions\/15097"}],"wp:attachment":[{"href":"https:\/\/malarohotell.se\/en\/wp-json\/wp\/v2\/media?parent=1293"}],"curies":[{"name":"wp","href":"https:\/\/api.w.org\/{rel}","templated":true}]}}