{"id":1291,"date":"2018-11-23T14:33:59","date_gmt":"2018-11-23T14:33:59","guid":{"rendered":"http:\/\/malarohotell.se\/?page_id=1291"},"modified":"2023-07-14T13:13:05","modified_gmt":"2023-07-14T13:13:05","slug":"hotellet","status":"publish","type":"page","link":"https:\/\/malarohotell.se\/en\/hotellet\/","title":{"rendered":"The Hotel"},"content":{"rendered":"<section class=\"wpb-content-wrapper\"><div class=\"vc_row wpb_row vc_row-fluid\"><div class=\"wpb_column vc_column_container vc_col-sm-12\"><div class=\"vc_column-inner\"><div class=\"wpb_wrapper\"><div style=\"background-color:;height: 60px\" class=\"nicdark_section\"><\/div><\/div><\/div><\/div><\/div><div class=\"vc_row wpb_row vc_row-fluid\"><div class=\"wpb_column vc_column_container vc_col-sm-12\"><div class=\"vc_column-inner\"><div class=\"wpb_wrapper\"> <h2 style=\"color:;padding:px;text-align:center;font-size:px;line-height:px;letter-spacing: px;font-weight:lighter\" class=\"nd_options_third_font\">Om v\u00e5rt hotell<\/h2>  <p style=\"color:;padding:px;text-align:center;font-size:16px;line-height:px;letter-spacing: px;font-weight:lighter\" class=\"nd_options_third_font\">Stay at M\u00e4lar\u00f6 Hotel close  to the wide range of activities, sights and adventures.<\/p> <div style=\"background-color:;height: 50px\" class=\"nicdark_section\"><\/div><\/div><\/div><\/div><\/div><div class=\"vc_row wpb_row vc_row-fluid\"><div class=\"wpb_column vc_column_container vc_col-sm-4\"><div class=\"vc_column-inner\"><div class=\"wpb_wrapper\">\n\t<div  class=\"wpb_single_image wpb_content_element vc_align_center\">\n\t\t\n\t\t<figure class=\"wpb_wrapper vc_figure\">\n\t\t\t<div class=\"vc_single_image-wrapper   vc_box_border_grey\"><img class=\"vc_single_image-img\" src=\"https:\/\/malarohotell.se\/wp-content\/uploads\/2018\/11\/9378326-350x300.jpeg\" width=\"350\" height=\"300\" alt=\"M\u00e4lar\u00f6 Hotell Eker\u00f6\" title=\"M\u00e4lar\u00f6 Hotell p\u00e5 Eker\u00f6\" \/><\/div>\n\t\t<\/figure>\n\t<\/div>\n<\/div><\/div><\/div><div class=\"wpb_column vc_column_container vc_col-sm-4\"><div class=\"vc_column-inner\"><div class=\"wpb_wrapper\">\n\t<div  class=\"wpb_single_image wpb_content_element vc_align_center\">\n\t\t\n\t\t<figure class=\"wpb_wrapper vc_figure\">\n\t\t\t<div class=\"vc_single_image-wrapper   vc_box_border_grey\"><img class=\"vc_single_image-img\" src=\"https:\/\/malarohotell.se\/wp-content\/uploads\/2018\/11\/Hagersten-Malaren_Ulf_Grunbaum_Azote-350x300.jpg\" width=\"350\" height=\"300\" alt=\"M\u00e4lar\u00f6 Hotell Eker\u00f6\" title=\"M\u00e4lar\u00f6 Hotell p\u00e5 Eker\u00f6\" \/><\/div>\n\t\t<\/figure>\n\t<\/div>\n<\/div><\/div><\/div><div class=\"wpb_column vc_column_container vc_col-sm-4\"><div class=\"vc_column-inner\"><div class=\"wpb_wrapper\">\n\t<div  class=\"wpb_single_image wpb_content_element vc_align_center\">\n\t\t\n\t\t<figure class=\"wpb_wrapper vc_figure\">\n\t\t\t<div class=\"vc_single_image-wrapper   vc_box_border_grey\"><img class=\"vc_single_image-img\" src=\"https:\/\/malarohotell.se\/wp-content\/uploads\/2018\/12\/thumbnail_IMG_5108-350x300.jpg\" width=\"350\" height=\"300\" alt=\"M\u00e4lar\u00f6 Hotell Eker\u00f6\" title=\"M\u00e4lar\u00f6 Hotell p\u00e5 Eker\u00f6\" \/><\/div>\n\t\t<\/figure>\n\t<\/div>\n<\/div><\/div><\/div><\/div><div class=\"vc_row wpb_row vc_row-fluid\"><div class=\"wpb_column vc_column_container vc_col-sm-12\"><div class=\"vc_column-inner\"><div class=\"wpb_wrapper\"><div style=\"background-color:;height: 60px\" class=\"nicdark_section\"><\/div> <p style=\"color:;padding:px;text-align:center;font-size:20px;line-height:35px;letter-spacing: px;font-weight:lighter\" class=\"nd_options_third_font\">M\u00e4lar\u00f6 Hotell is a small privately owned, cozy and comfortable hotel. We love our guests and want to make your experience as lovely as possible. The hotel is centrally located between Eker\u00f6 Centrum and Slagsta Ferry, three minutes in either direction. We have 24 rooms consisting of single rooms, double rooms, family rooms and disabled rooms. Pets are also welcome.<\/p> <div style=\"background-color:;height: 60px\" class=\"nicdark_section\"><\/div><\/div><\/div><\/div><\/div>\n<\/section>","protected":false},"excerpt":{"rendered":"Om v\u00e5rt hotell Bo p\u00e5 M\u00e4lar\u00f6 Hotell med n\u00e4rhet till det stora utbudet av aktiviteter, sev\u00e4rdheter och \u00e4ventyr. M\u00e4lar\u00f6 Hotell \u00e4r ett litet privat\u00e4gt hemtrevligt och bekv\u00e4mt hotell. Vi m\u00e5nar om v\u00e5ra g\u00e4ster och vill g\u00f6ra en s\u00e5 behaglig och bekv\u00e4m upplevelse f\u00f6r er som m\u00f6jligt. Hotellet ligger centralt bel\u00e4get mellan Eker\u00f6 Centrum och Slagsta [...]","protected":false},"author":1,"featured_media":0,"parent":0,"menu_order":0,"comment_status":"closed","ping_status":"closed","template":"","meta":[],"aioseo_notices":[],"_links":{"self":[{"href":"https:\/\/malarohotell.se\/en\/wp-json\/wp\/v2\/pages\/1291"}],"collection":[{"href":"https:\/\/malarohotell.se\/en\/wp-json\/wp\/v2\/pages"}],"about":[{"href":"https:\/\/malarohotell.se\/en\/wp-json\/wp\/v2\/types\/page"}],"author":[{"embeddable":true,"href":"https:\/\/malarohotell.se\/en\/wp-json\/wp\/v2\/users\/1"}],"replies":[{"embeddable":true,"href":"https:\/\/malarohotell.se\/en\/wp-json\/wp\/v2\/comments?post=1291"}],"version-history":[{"count":14,"href":"https:\/\/malarohotell.se\/en\/wp-json\/wp\/v2\/pages\/1291\/revisions"}],"predecessor-version":[{"id":15099,"href":"https:\/\/malarohotell.se\/en\/wp-json\/wp\/v2\/pages\/1291\/revisions\/15099"}],"wp:attachment":[{"href":"https:\/\/malarohotell.se\/en\/wp-json\/wp\/v2\/media?parent=1291"}],"curies":[{"name":"wp","href":"https:\/\/api.w.org\/{rel}","templated":true}]}}